{"id":1568,"date":"2022-02-20T09:11:52","date_gmt":"2022-02-20T09:11:52","guid":{"rendered":"https:\/\/www.gastropubmans.nl\/home\/"},"modified":"2024-07-30T19:18:02","modified_gmt":"2024-07-30T19:18:02","slug":"home","status":"publish","type":"page","link":"https:\/\/www.gastropubmans.nl\/de\/","title":{"rendered":"Home"},"content":{"rendered":"\n<div class=\"wp-block-stackable-columns alignfull stk-block-columns stk-block stk-ea915db stk-block-background stk--has-background-overlay\" data-block-id=\"ea915db\"><style>.stk-ea915db{background-image:url(https:\/\/www.gastropubmans.nl\/wp-content\/uploads\/2024\/03\/header-GastropubMans4.jpg) !important;padding-top:280px !important;padding-bottom:280px !important;margin-bottom:0px !important}@media screen and (max-width:1023px){.stk-ea915db{padding-top:200px !important;padding-bottom:250px !important}}@media screen and (max-width:767px){.stk-ea915db{padding-top:150px !important;padding-bottom:200px !important}}<\/style><div class=\"stk-row stk-inner-blocks has-text-align-center stk-block-content stk-content-align stk-ea915db-column\">\n<div class=\"wp-block-stackable-column stk-block-column stk-column stk-block stk-13ce343\" data-v=\"4\" data-block-id=\"13ce343\"><div class=\"stk-column-wrapper stk-block-column__content stk-container stk-13ce343-container stk--no-background stk--no-padding\"><div class=\"stk-block-content stk-inner-blocks stk-13ce343-inner-blocks\">\n<div class=\"wp-block-stackable-heading stk-block-heading stk-block-heading--v2 stk-block stk-273f963\" id=\"gastro-pub-mans\" data-block-id=\"273f963\"><style>.stk-273f963{margin-top:100px !important;margin-bottom:16px !important}.stk-273f963 .stk-block-heading__text{font-size:80px !important;color:var(--theme-palette-color-8,#ffffff) !important;line-height:1.5em !important}@media screen and (max-width:1023px){.stk-273f963{margin-top:160px !important}.stk-273f963 .stk-block-heading__text{font-size:60px !important}}@media screen and (max-width:767px){.stk-273f963{margin-top:50px !important}.stk-273f963 .stk-block-heading__text{font-size:35px !important}}<\/style><h2 class=\"stk-block-heading__text has-text-color has-palette-color-8-color\">Gastro Pub Mans<\/h2><\/div>\n\n\n\n<div class=\"wp-block-stackable-text stk-block-text stk-block stk-bd90787\" data-block-id=\"bd90787\"><style>.stk-bd90787{max-width:1000px !important;margin-right:auto !important;margin-bottom:60px !important;margin-left:auto !important}.stk-bd90787 .stk-block-text__text{color:var(--theme-palette-color-8,#ffffff) !important}@media screen and (max-width:767px){.stk-bd90787{margin-bottom:160px !important}}<\/style><p class=\"stk-block-text__text has-text-color has-palette-color-8-color\">Auf dem Stenenplaats, dem sch\u00f6nsten Platz in Den Burg auf Texel<\/p><\/div>\n\n\n\n<div class=\"wp-block-stackable-button-group stk-block-button-group stk-block stk-743ddb6\" data-block-id=\"743ddb6\"><div class=\"stk-row stk-inner-blocks stk-block-content stk-button-group\">\n<div class=\"wp-block-stackable-button stk-block-button stk-block stk-ad610b2\" data-block-id=\"ad610b2\"><style>.stk-ad610b2 .stk-button{padding-top:12px !important;padding-right:30px !important;padding-bottom:12px !important;padding-left:30px !important;border-top-left-radius:3px !important;border-top-right-radius:3px !important;border-bottom-right-radius:3px !important;border-bottom-left-radius:3px !important}.stk-ad610b2 .stk-button__inner-text{font-size:1.15em !important;color:var(--theme-palette-color-8,#ffffff) !important}@media screen and (max-width:1023px){.stk-ad610b2 .stk-button__inner-text{font-size:1.15em !important}}<\/style><a class=\"stk-link stk-button stk--hover-effect-darken\" href=\"mailto:reserveren@gastropubmans.nl\"><span class=\"has-text-color has-palette-color-4-color stk-button__inner-text\">Reservieren<\/span><\/a><\/div>\n\n\n\n<div class=\"wp-block-stackable-button stk-block-button stk-block stk-a67db77\" data-block-id=\"a67db77\"><style>.stk-a67db77 .stk-button{padding-top:12px !important;padding-right:30px !important;padding-bottom:12px !important;padding-left:30px !important;background:var(--theme-palette-color-2,#4f7858) !important;border-top-left-radius:3px !important;border-top-right-radius:3px !important;border-bottom-right-radius:3px !important;border-bottom-left-radius:3px !important}.stk-a67db77 .stk-button__inner-text{font-size:1.15em !important;color:var(--theme-palette-color-8,#ffffff) !important}@media screen and (max-width:1023px){.stk-a67db77 .stk-button__inner-text{font-size:1.15em !important}}<\/style><a class=\"stk-link stk-button stk--hover-effect-darken\" href=\"#openingstijden\"><span class=\"has-text-color has-palette-color-8-color stk-button__inner-text\">\u00d6ffnungszeiten<\/span><\/a><\/div>\n<\/div><\/div>\n<\/div><\/div><\/div>\n<\/div><\/div>\n\n<div class=\"wp-block-stackable-text stk-block-text stk-block stk-0ced47d\" data-block-id=\"0ced47d\"><style>.stk-0ced47d{margin-bottom:0px !important}<\/style><p class=\"stk-block-text__text has-text-align-center\"><\/p><\/div>\n\n<div class=\"wp-block-stackable-spacer stk-block-spacer stk--no-padding stk-block stk-f7b502d\" data-block-id=\"f7b502d\"><style>.stk-f7b502d{height:100px !important}@media screen and (max-width:1023px){.stk-f7b502d{height:50px !important}}<\/style><\/div>\n\n<div class=\"wp-block-stackable-heading stk-block-heading stk-block-heading--v2 stk-block stk-41f6f5a\" id=\"lekker-eetcafe\" data-block-id=\"41f6f5a\"><style>.stk-41f6f5a{margin-bottom:16px !important}.stk-41f6f5a .stk-block-heading__text{line-height:1.2em !important}<\/style><h2 class=\"stk-block-heading__text has-text-align-center\">Nettes Caf\u00e9 \/ Restaurant<\/h2><\/div>\n\n<div class=\"wp-block-stackable-heading stk-block-heading stk-block-heading--v2 stk-block stk-8e78d5e\" id=\"gastropub-mans\" data-block-id=\"8e78d5e\"><style>.stk-8e78d5e{margin-bottom:0px !important}<\/style><h4 class=\"stk-block-heading__text has-text-align-center\">Gastropub Mans<\/h4><\/div>\n\n<div class=\"wp-block-stackable-text stk-block-text stk-block stk-3e778be\" data-block-id=\"3e778be\"><p class=\"stk-block-text__text has-text-align-center\"><em>Eine bekannte Adresse mit neuem Design.<\/em><\/p><\/div>\n\n<div class=\"wp-block-stackable-text stk-block-text stk-block stk-243b273\" data-block-id=\"243b273\"><p class=\"stk-block-text__text has-text-align-center\">Auf dem sch\u00f6nsten Platz von Den Burg finden Sie eines der sch\u00f6nsten Restaurants Texels. <br\/>Der Innenraum erinnert an England. <br\/>Warm und gem\u00fctlich, darum geht es hier.<\/p><\/div>\n\n<div class=\"wp-block-stackable-spacer stk-block-spacer stk--no-padding stk-block stk-54e71a5\" data-block-id=\"54e71a5\"><style>.stk-54e71a5{height:50px !important}@media screen and (max-width:1023px){.stk-54e71a5{height:50px !important}}<\/style><\/div>\n\n<div class=\"wp-block-stackable-columns aligncenter stk-block-columns stk-block stk-51b7e7a\" data-block-id=\"51b7e7a\"><style>.stk-51b7e7a{margin-bottom:0px !important}.stk-51b7e7a-column{--stk-column-gap:35px !important}@media screen and (max-width:767px){.stk-51b7e7a-column{row-gap:50px !important}}<\/style><div class=\"stk-row stk-inner-blocks stk-block-content stk-content-align stk-51b7e7a-column\">\n<div class=\"wp-block-stackable-column stk-block-column stk-column stk-block stk-e1a7cf4\" data-v=\"4\" data-block-id=\"e1a7cf4\"><style>.stk-e1a7cf4-container{margin-top:0px !important;margin-right:0px !important;margin-bottom:0px !important;margin-left:0px !important}@media screen and (max-width:767px){.stk-e1a7cf4{flex:var(--stk-flex-grow,1) 1 calc(50% - var(--stk-column-gap,0px) * 1 \/ 2 ) !important}}<\/style><div class=\"stk-column-wrapper stk-block-column__content stk-container stk-e1a7cf4-container stk--no-background stk--no-padding\"><div class=\"stk-block-content stk-inner-blocks stk-e1a7cf4-inner-blocks\">\n<figure data-wp-context=\"{&quot;imageId&quot;:&quot;69d1bfa55c3ed&quot;}\" data-wp-interactive=\"core\/image\" data-wp-key=\"69d1bfa55c3ed\" class=\"wp-block-image size-full wp-lightbox-container\"><img loading=\"lazy\" decoding=\"async\" width=\"750\" height=\"1000\" data-wp-class--hide=\"state.isContentHidden\" data-wp-class--show=\"state.isContentVisible\" data-wp-init=\"callbacks.setButtonStyles\" data-wp-on--click=\"actions.showLightbox\" data-wp-on--load=\"callbacks.setButtonStyles\" data-wp-on-window--resize=\"callbacks.setButtonStyles\" src=\"https:\/\/www.gastropubmans.nl\/wp-content\/uploads\/2024\/03\/wijn-1.jpg\" alt=\"Wein\" class=\"wp-image-1202\" srcset=\"https:\/\/www.gastropubmans.nl\/wp-content\/uploads\/2024\/03\/wijn-1.jpg 750w, https:\/\/www.gastropubmans.nl\/wp-content\/uploads\/2024\/03\/wijn-1-225x300.jpg 225w\" sizes=\"auto, (max-width: 750px) 100vw, 750px\" \/><button\n\t\t\tclass=\"lightbox-trigger\"\n\t\t\ttype=\"button\"\n\t\t\taria-haspopup=\"dialog\"\n\t\t\taria-label=\"Vergr\u00f6\u00dfern\"\n\t\t\tdata-wp-init=\"callbacks.initTriggerButton\"\n\t\t\tdata-wp-on--click=\"actions.showLightbox\"\n\t\t\tdata-wp-style--right=\"state.imageButtonRight\"\n\t\t\tdata-wp-style--top=\"state.imageButtonTop\"\n\t\t>\n\t\t\t<svg xmlns=\"http:\/\/www.w3.org\/2000\/svg\" width=\"12\" height=\"12\" fill=\"none\" viewBox=\"0 0 12 12\">\n\t\t\t\t<path fill=\"#fff\" d=\"M2 0a2 2 0 0 0-2 2v2h1.5V2a.5.5 0 0 1 .5-.5h2V0H2Zm2 10.5H2a.5.5 0 0 1-.5-.5V8H0v2a2 2 0 0 0 2 2h2v-1.5ZM8 12v-1.5h2a.5.5 0 0 0 .5-.5V8H12v2a2 2 0 0 1-2 2H8Zm2-12a2 2 0 0 1 2 2v2h-1.5V2a.5.5 0 0 0-.5-.5H8V0h2Z\" \/>\n\t\t\t<\/svg>\n\t\t<\/button><\/figure>\n\n\n\n<div class=\"wp-block-stackable-heading stk-block-heading stk-block-heading--v2 stk-block stk-13c3c30\" id=\"heerlijke-wijn\" data-block-id=\"13c3c30\"><style>.stk-13c3c30{padding-top:0px !important;padding-right:0px !important;padding-bottom:0px !important;padding-left:0px !important;margin-bottom:10px !important}<\/style><h5 class=\"stk-block-heading__text has-text-align-center\">Leckerer Wein<\/h5><\/div>\n<\/div><\/div><\/div>\n\n\n\n<div class=\"wp-block-stackable-column stk-block-column stk-column stk-block stk-47ff57d\" data-v=\"4\" data-block-id=\"47ff57d\"><style>.stk-47ff57d-container{margin-top:0px !important;margin-right:0px !important;margin-bottom:0px !important;margin-left:0px !important}@media screen and (max-width:767px){.stk-47ff57d{flex:var(--stk-flex-grow,1) 1 calc(50% - var(--stk-column-gap,0px) * 1 \/ 2 ) !important}}<\/style><div class=\"stk-column-wrapper stk-block-column__content stk-container stk-47ff57d-container stk--no-background stk--no-padding\"><div class=\"stk-block-content stk-inner-blocks stk-47ff57d-inner-blocks\">\n<figure data-wp-context=\"{&quot;imageId&quot;:&quot;69d1bfa55d09e&quot;}\" data-wp-interactive=\"core\/image\" data-wp-key=\"69d1bfa55d09e\" class=\"wp-block-image size-full wp-lightbox-container\"><img loading=\"lazy\" decoding=\"async\" width=\"750\" height=\"1000\" data-wp-class--hide=\"state.isContentHidden\" data-wp-class--show=\"state.isContentVisible\" data-wp-init=\"callbacks.setButtonStyles\" data-wp-on--click=\"actions.showLightbox\" data-wp-on--load=\"callbacks.setButtonStyles\" data-wp-on-window--resize=\"callbacks.setButtonStyles\" src=\"https:\/\/www.gastropubmans.nl\/wp-content\/uploads\/2024\/03\/gerechtjes2-1.jpg\" alt=\"Tapas\" class=\"wp-image-1206\" srcset=\"https:\/\/www.gastropubmans.nl\/wp-content\/uploads\/2024\/03\/gerechtjes2-1.jpg 750w, https:\/\/www.gastropubmans.nl\/wp-content\/uploads\/2024\/03\/gerechtjes2-1-225x300.jpg 225w\" sizes=\"auto, (max-width: 750px) 100vw, 750px\" \/><button\n\t\t\tclass=\"lightbox-trigger\"\n\t\t\ttype=\"button\"\n\t\t\taria-haspopup=\"dialog\"\n\t\t\taria-label=\"Vergr\u00f6\u00dfern\"\n\t\t\tdata-wp-init=\"callbacks.initTriggerButton\"\n\t\t\tdata-wp-on--click=\"actions.showLightbox\"\n\t\t\tdata-wp-style--right=\"state.imageButtonRight\"\n\t\t\tdata-wp-style--top=\"state.imageButtonTop\"\n\t\t>\n\t\t\t<svg xmlns=\"http:\/\/www.w3.org\/2000\/svg\" width=\"12\" height=\"12\" fill=\"none\" viewBox=\"0 0 12 12\">\n\t\t\t\t<path fill=\"#fff\" d=\"M2 0a2 2 0 0 0-2 2v2h1.5V2a.5.5 0 0 1 .5-.5h2V0H2Zm2 10.5H2a.5.5 0 0 1-.5-.5V8H0v2a2 2 0 0 0 2 2h2v-1.5ZM8 12v-1.5h2a.5.5 0 0 0 .5-.5V8H12v2a2 2 0 0 1-2 2H8Zm2-12a2 2 0 0 1 2 2v2h-1.5V2a.5.5 0 0 0-.5-.5H8V0h2Z\" \/>\n\t\t\t<\/svg>\n\t\t<\/button><\/figure>\n\n\n\n<div class=\"wp-block-stackable-heading stk-block-heading stk-block-heading--v2 stk-block stk-0e319cf\" id=\"tapas-bites\" data-block-id=\"0e319cf\"><style>.stk-0e319cf{padding-top:0px !important;padding-right:0px !important;padding-bottom:0px !important;padding-left:0px !important;margin-bottom:10px !important}<\/style><h5 class=\"stk-block-heading__text has-text-align-center\">Tapas \/ Bites<\/h5><\/div>\n<\/div><\/div><\/div>\n\n\n\n<div class=\"wp-block-stackable-column stk-block-column stk-column stk-block stk-9001ba9\" data-v=\"4\" data-block-id=\"9001ba9\"><style>.stk-9001ba9-container{margin-top:0px !important;margin-right:0px !important;margin-bottom:0px !important;margin-left:0px !important}@media screen and (max-width:767px){.stk-9001ba9{flex:var(--stk-flex-grow,1) 1 calc(50% - var(--stk-column-gap,0px) * 1 \/ 2 ) !important}}<\/style><div class=\"stk-column-wrapper stk-block-column__content stk-container stk-9001ba9-container stk--no-background stk--no-padding\"><div class=\"stk-block-content stk-inner-blocks stk-9001ba9-inner-blocks\">\n<figure data-wp-context=\"{&quot;imageId&quot;:&quot;69d1bfa55dd54&quot;}\" data-wp-interactive=\"core\/image\" data-wp-key=\"69d1bfa55dd54\" class=\"wp-block-image size-full wp-lightbox-container\"><img loading=\"lazy\" decoding=\"async\" width=\"750\" height=\"1000\" data-wp-class--hide=\"state.isContentHidden\" data-wp-class--show=\"state.isContentVisible\" data-wp-init=\"callbacks.setButtonStyles\" data-wp-on--click=\"actions.showLightbox\" data-wp-on--load=\"callbacks.setButtonStyles\" data-wp-on-window--resize=\"callbacks.setButtonStyles\" src=\"https:\/\/www.gastropubmans.nl\/wp-content\/uploads\/2024\/03\/gerechtjes1-1.jpg\" alt=\"Nachtisch\" class=\"wp-image-1204\" srcset=\"https:\/\/www.gastropubmans.nl\/wp-content\/uploads\/2024\/03\/gerechtjes1-1.jpg 750w, https:\/\/www.gastropubmans.nl\/wp-content\/uploads\/2024\/03\/gerechtjes1-1-225x300.jpg 225w\" sizes=\"auto, (max-width: 750px) 100vw, 750px\" \/><button\n\t\t\tclass=\"lightbox-trigger\"\n\t\t\ttype=\"button\"\n\t\t\taria-haspopup=\"dialog\"\n\t\t\taria-label=\"Vergr\u00f6\u00dfern\"\n\t\t\tdata-wp-init=\"callbacks.initTriggerButton\"\n\t\t\tdata-wp-on--click=\"actions.showLightbox\"\n\t\t\tdata-wp-style--right=\"state.imageButtonRight\"\n\t\t\tdata-wp-style--top=\"state.imageButtonTop\"\n\t\t>\n\t\t\t<svg xmlns=\"http:\/\/www.w3.org\/2000\/svg\" width=\"12\" height=\"12\" fill=\"none\" viewBox=\"0 0 12 12\">\n\t\t\t\t<path fill=\"#fff\" d=\"M2 0a2 2 0 0 0-2 2v2h1.5V2a.5.5 0 0 1 .5-.5h2V0H2Zm2 10.5H2a.5.5 0 0 1-.5-.5V8H0v2a2 2 0 0 0 2 2h2v-1.5ZM8 12v-1.5h2a.5.5 0 0 0 .5-.5V8H12v2a2 2 0 0 1-2 2H8Zm2-12a2 2 0 0 1 2 2v2h-1.5V2a.5.5 0 0 0-.5-.5H8V0h2Z\" \/>\n\t\t\t<\/svg>\n\t\t<\/button><\/figure>\n\n\n\n<div class=\"wp-block-stackable-heading stk-block-heading stk-block-heading--v2 stk-block stk-07e4a78\" id=\"lekker-na\" data-block-id=\"07e4a78\"><style>.stk-07e4a78{padding-top:0px !important;padding-right:0px !important;padding-bottom:0px !important;padding-left:0px !important;margin-bottom:10px !important}<\/style><h5 class=\"stk-block-heading__text has-text-align-center\">Nachtisch<\/h5><\/div>\n<\/div><\/div><\/div>\n\n\n\n<div class=\"wp-block-stackable-column stk-block-column stk-column stk-block stk-8d22443\" data-v=\"4\" data-block-id=\"8d22443\"><style>.stk-8d22443-container{margin-top:0px !important;margin-right:0px !important;margin-bottom:0px !important;margin-left:0px !important}@media screen and (max-width:767px){.stk-8d22443{flex:var(--stk-flex-grow,1) 1 calc(50% - var(--stk-column-gap,0px) * 1 \/ 2 ) !important}}<\/style><div class=\"stk-column-wrapper stk-block-column__content stk-container stk-8d22443-container stk--no-background stk--no-padding\"><div class=\"stk-block-content stk-inner-blocks stk-8d22443-inner-blocks\">\n<figure data-wp-context=\"{&quot;imageId&quot;:&quot;69d1bfa55e9c0&quot;}\" data-wp-interactive=\"core\/image\" data-wp-key=\"69d1bfa55e9c0\" class=\"wp-block-image size-full wp-lightbox-container\"><img loading=\"lazy\" decoding=\"async\" width=\"750\" height=\"1000\" data-wp-class--hide=\"state.isContentHidden\" data-wp-class--show=\"state.isContentVisible\" data-wp-init=\"callbacks.setButtonStyles\" data-wp-on--click=\"actions.showLightbox\" data-wp-on--load=\"callbacks.setButtonStyles\" data-wp-on-window--resize=\"callbacks.setButtonStyles\" src=\"https:\/\/www.gastropubmans.nl\/wp-content\/uploads\/2024\/03\/jutter-1.jpg\" alt=\"Juttertje\" class=\"wp-image-1208\" srcset=\"https:\/\/www.gastropubmans.nl\/wp-content\/uploads\/2024\/03\/jutter-1.jpg 750w, https:\/\/www.gastropubmans.nl\/wp-content\/uploads\/2024\/03\/jutter-1-225x300.jpg 225w\" sizes=\"auto, (max-width: 750px) 100vw, 750px\" \/><button\n\t\t\tclass=\"lightbox-trigger\"\n\t\t\ttype=\"button\"\n\t\t\taria-haspopup=\"dialog\"\n\t\t\taria-label=\"Vergr\u00f6\u00dfern\"\n\t\t\tdata-wp-init=\"callbacks.initTriggerButton\"\n\t\t\tdata-wp-on--click=\"actions.showLightbox\"\n\t\t\tdata-wp-style--right=\"state.imageButtonRight\"\n\t\t\tdata-wp-style--top=\"state.imageButtonTop\"\n\t\t>\n\t\t\t<svg xmlns=\"http:\/\/www.w3.org\/2000\/svg\" width=\"12\" height=\"12\" fill=\"none\" viewBox=\"0 0 12 12\">\n\t\t\t\t<path fill=\"#fff\" d=\"M2 0a2 2 0 0 0-2 2v2h1.5V2a.5.5 0 0 1 .5-.5h2V0H2Zm2 10.5H2a.5.5 0 0 1-.5-.5V8H0v2a2 2 0 0 0 2 2h2v-1.5ZM8 12v-1.5h2a.5.5 0 0 0 .5-.5V8H12v2a2 2 0 0 1-2 2H8Zm2-12a2 2 0 0 1 2 2v2h-1.5V2a.5.5 0 0 0-.5-.5H8V0h2Z\" \/>\n\t\t\t<\/svg>\n\t\t<\/button><\/figure>\n\n\n\n<div class=\"wp-block-stackable-heading stk-block-heading stk-block-heading--v2 stk-block stk-4409aec\" id=\"juttertje\" data-block-id=\"4409aec\"><style>.stk-4409aec{padding-top:0px !important;padding-right:0px !important;padding-bottom:0px !important;padding-left:0px !important;margin-bottom:10px !important}<\/style><h5 class=\"stk-block-heading__text has-text-align-center\">Juttertje<\/h5><\/div>\n<\/div><\/div><\/div>\n<\/div><\/div>\n\n<div class=\"wp-block-stackable-spacer stk-block-spacer stk--no-padding stk-block stk-eaba88a\" data-block-id=\"eaba88a\"><style>.stk-eaba88a{height:130px !important}@media screen and (max-width:1023px){.stk-eaba88a{height:80px !important}}<\/style><\/div>\n\n<div class=\"wp-block-stackable-heading stk-block-heading stk-block-heading--v2 stk-block stk-1143047\" id=\"locatie\" data-block-id=\"1143047\"><style>.stk-1143047{margin-bottom:16px !important}.stk-1143047 .stk-block-heading__text{line-height:1.2em !important}<\/style><h2 class=\"stk-block-heading__text has-text-align-center\">Lage<\/h2><\/div>\n\n<div class=\"wp-block-stackable-text stk-block-text stk-block stk-849cf93\" data-block-id=\"849cf93\"><style>.stk-849cf93{margin-bottom:0px !important}<\/style><p class=\"stk-block-text__text has-text-align-center\">Es liegt am Stenenplaats, im Herzen von Den Burg, Texel<\/p><\/div>\n\n<div class=\"wp-block-stackable-spacer stk-block-spacer stk--no-padding stk-block stk-1dbe189\" data-block-id=\"1dbe189\"><style>.stk-1dbe189{height:50px !important}@media screen and (max-width:1023px){.stk-1dbe189{height:50px !important}}<\/style><\/div>\n\n<iframe src=\"https:\/\/www.google.com\/maps\/embed?pb=!1m18!1m12!1m3!1d83625.11381645926!2d4.696142347210408!3d53.085181321442334!2m3!1f0!2f0!3f0!3m2!1i1024!2i768!4f13.1!3m3!1m2!1s0x47cf30be492567eb%3A0x323800ea86ae4e74!2sGastro%20Pub%20MANS!5e0!3m2!1snl!2snl!4v1709802912839!5m2!1snl!2snl\" width=\"100%\" height=\"500\" style=\"border:0;\" allowfullscreen=\"\" loading=\"lazy\" referrerpolicy=\"no-referrer-when-downgrade\"><\/iframe>\n\n<div class=\"wp-block-stackable-spacer stk-block-spacer stk--no-padding stk-block stk-4df1acc\" data-block-id=\"4df1acc\"><style>.stk-4df1acc{height:130px !important}@media screen and (max-width:1023px){.stk-4df1acc{height:80px !important}}<\/style><\/div>\n","protected":false},"excerpt":{"rendered":"<p>Gastro Pub Mans Auf dem Stenenplaats, dem sch\u00f6nsten Platz in Den Burg auf Texel Reservieren \u00d6ffnungszeiten Nettes Caf\u00e9 \/ Restaurant Gastropub Mans Eine bekannte Adresse mit neuem Design. Auf dem sch\u00f6nsten Platz von Den Burg finden Sie eines der sch\u00f6nsten Restaurants Texels. Der Innenraum erinnert an England. Warm und gem\u00fctlich, darum geht es hier. Leckerer [&hellip;]<\/p>\n","protected":false},"author":2,"featured_media":0,"parent":0,"menu_order":0,"comment_status":"closed","ping_status":"closed","template":"","meta":{"_seopress_robots_primary_cat":"","_seopress_titles_title":"","_seopress_titles_desc":"","_seopress_robots_index":"","footnotes":""},"class_list":["post-1568","page","type-page","status-publish","hentry"],"blocksy_meta":{"page_title_panel":"","has_hero_section":"disabled","8145824604158272ba7f5416b6449180":"","hero_section":"type-1","hero_elements":[{"id":"custom_title","enabled":true,"heading_tag":"h1","title":"Home"},{"id":"custom_description","enabled":true,"description_visibility":{"desktop":true,"tablet":true,"mobile":false}},{"id":"custom_meta","enabled":false,"meta_elements":[{"id":"author","enabled":true,"label":"By","has_author_avatar":"yes","avatar_size":25},{"id":"post_date","enabled":true,"label":"On","date_format_source":"default","date_format":"M j, Y"},{"id":"updated_date","enabled":false,"label":"On","date_format_source":"default","date_format":"M j, Y"},{"id":"categories","enabled":false,"label":"In","style":"simple"},{"id":"comments","enabled":true}],"page_meta_elements":{"joined":true,"articles_count":true,"comments":true}},{"id":"breadcrumbs","enabled":false}],"fcf7480f8d2e1b222c39f6bcbf6965ab":"","hero_alignment1":"CT_CSS_SKIP_RULE","hero_margin":40,"hero_alignment2":"center","hero_vertical_alignment":"center","b6e74dacd1e4d964546af2051e3c80ca":"","hero_structure":"narrow","09a979f9dfe051c5d8e7185a0bffb527":"","page_title_bg_type":"featured_image","custom_hero_background":{"attachment_id":null},"parallax":{"desktop":false,"tablet":false,"mobile":false},"4e6921427620b3c37a159654d5bd931f":"","hero_height":"250px","pageTitleFont":{"family":"Default","variation":"Default","size":"30px","line-height":"CT_CSS_SKIP_RULE","letter-spacing":"CT_CSS_SKIP_RULE","text-transform":"CT_CSS_SKIP_RULE","text-decoration":"CT_CSS_SKIP_RULE"},"pageTitleFontColor":{"default":{"color":"CT_CSS_SKIP_RULEDEFAULT"}},"pageMetaFont":{"family":"Default","variation":"n6","size":"12px","line-height":"1.3","letter-spacing":"CT_CSS_SKIP_RULE","text-transform":"uppercase","text-decoration":"CT_CSS_SKIP_RULE"},"pageMetaFontColor":{"default":{"color":"CT_CSS_SKIP_RULEDEFAULT"},"hover":{"color":"CT_CSS_SKIP_RULEDEFAULT"}},"page_meta_button_type_font_colors":{"default":{"color":"CT_CSS_SKIP_RULEDEFAULT"},"hover":{"color":"CT_CSS_SKIP_RULEDEFAULT"}},"page_meta_button_type_background_colors":{"default":{"color":"CT_CSS_SKIP_RULEDEFAULT"},"hover":{"color":"CT_CSS_SKIP_RULEDEFAULT"}},"pageExcerptFont":{"family":"Default","variation":"Default","size":"CT_CSS_SKIP_RULE","line-height":"CT_CSS_SKIP_RULE","letter-spacing":"CT_CSS_SKIP_RULE","text-transform":"CT_CSS_SKIP_RULE","text-decoration":"CT_CSS_SKIP_RULE"},"pageExcerptColor":{"default":{"color":"CT_CSS_SKIP_RULEDEFAULT"}},"breadcrumbsFont":{"family":"Default","variation":"Default","size":"CT_CSS_SKIP_RULE","line-height":"CT_CSS_SKIP_RULE","letter-spacing":"CT_CSS_SKIP_RULE","text-transform":"CT_CSS_SKIP_RULE","text-decoration":"CT_CSS_SKIP_RULE"},"breadcrumbsFontColor":{"default":{"color":"CT_CSS_SKIP_RULEDEFAULT"},"initial":{"color":"CT_CSS_SKIP_RULEDEFAULT"},"hover":{"color":"CT_CSS_SKIP_RULEDEFAULT"}},"pageTitleOverlay":{"background_type":"color","background_pattern":"type-1","background_image":{"attachment_id":null,"x":0,"y":0},"gradient":"linear-gradient(135deg,rgba(6,147,227,1) 0%,rgb(155,81,224) 100%)","background_repeat":"repeat","background_size":"auto","background_attachment":"scroll","patternColor":{"default":{"color":"#e5e7ea"}},"overlayColor":{"default":{"color":"CT_CSS_SKIP_RULE"}},"backgroundColor":{"default":{"color":"CT_CSS_SKIP_RULE"}}},"pageTitleBackground":{"background_type":"color","background_pattern":"type-1","background_image":{"attachment_id":null,"x":0,"y":0},"gradient":"linear-gradient(135deg,rgba(6,147,227,1) 0%,rgb(155,81,224) 100%)","background_repeat":"repeat","background_size":"auto","background_attachment":"scroll","patternColor":{"default":{"color":"#e5e7ea"}},"overlayColor":{"default":{"color":"CT_CSS_SKIP_RULE"}},"backgroundColor":{"default":{"color":"var(--theme-palette-color-6)"}}},"pageTitlePadding":{"top":"50px","bottom":"50px","left":"auto","right":"auto","linked":true},"9977e246f013fbc2382654aea8f2248b":"","page_structure_type":"default","6ce8b827e911c2bb79efa291d7d326ea":"","content_style_source":"inherit","content_style":"wide","vertical_spacing_source":"custom","content_area_spacing":"none","background":{"background_type":"color","background_pattern":"type-1","background_image":{"attachment_id":null,"x":0,"y":0},"gradient":"linear-gradient(135deg,rgba(6,147,227,1) 0%,rgb(155,81,224) 100%)","background_repeat":"repeat","background_size":"auto","background_attachment":"scroll","patternColor":{"default":{"color":"#e5e7ea"}},"overlayColor":{"default":{"color":"CT_CSS_SKIP_RULE"}},"backgroundColor":{"default":{"color":"CT_CSS_SKIP_RULE"}}},"content_background":{"background_type":"color","background_pattern":"type-1","background_image":{"attachment_id":null,"x":0,"y":0},"gradient":"linear-gradient(135deg,rgba(6,147,227,1) 0%,rgb(155,81,224) 100%)","background_repeat":"repeat","background_size":"auto","background_attachment":"scroll","patternColor":{"default":{"color":"#e5e7ea"}},"overlayColor":{"default":{"color":"CT_CSS_SKIP_RULE"}},"backgroundColor":{"default":{"color":"var(--theme-palette-color-8)"}}},"content_boxed_shadow":{"inherit":false,"blur":18,"spread":-6,"v_offset":12,"h_offset":0,"inset":false,"enable":true,"color":{"color":"rgba(34, 56, 101, 0.04)"}},"boxed_content_spacing":{"desktop":{"top":"40px","bottom":"40px","left":"40px","right":"40px","linked":true},"tablet":{"top":"35px","bottom":"35px","left":"35px","right":"35px","linked":true},"mobile":{"top":"20px","bottom":"20px","left":"20px","right":"20px","linked":true}},"content_boxed_radius":{"top":"3px","bottom":"3px","left":"3px","right":"3px","linked":true},"99630a8366f1664b49eb5b210d80e35c":"","disable_featured_image":"no","disable_share_box":"no","disable_header":"no","disable_footer":"no","styles_descriptor":{"styles":{"desktop":"","tablet":"","mobile":""},"google_fonts":[],"version":6}},"_links":{"self":[{"href":"https:\/\/www.gastropubmans.nl\/de\/wp-json\/wp\/v2\/pages\/1568","targetHints":{"allow":["GET"]}}],"collection":[{"href":"https:\/\/www.gastropubmans.nl\/de\/wp-json\/wp\/v2\/pages"}],"about":[{"href":"https:\/\/www.gastropubmans.nl\/de\/wp-json\/wp\/v2\/types\/page"}],"author":[{"embeddable":true,"href":"https:\/\/www.gastropubmans.nl\/de\/wp-json\/wp\/v2\/users\/2"}],"replies":[{"embeddable":true,"href":"https:\/\/www.gastropubmans.nl\/de\/wp-json\/wp\/v2\/comments?post=1568"}],"version-history":[{"count":4,"href":"https:\/\/www.gastropubmans.nl\/de\/wp-json\/wp\/v2\/pages\/1568\/revisions"}],"predecessor-version":[{"id":1583,"href":"https:\/\/www.gastropubmans.nl\/de\/wp-json\/wp\/v2\/pages\/1568\/revisions\/1583"}],"wp:attachment":[{"href":"https:\/\/www.gastropubmans.nl\/de\/wp-json\/wp\/v2\/media?parent=1568"}],"curies":[{"name":"wp","href":"https:\/\/api.w.org\/{rel}","templated":true}]}}